{"id":4403,"date":"2022-05-04T14:11:58","date_gmt":"2022-05-04T14:11:58","guid":{"rendered":"http:\/\/sw-themes.com\/porto_dummy\/?page_id=4403"},"modified":"2025-05-22T15:17:00","modified_gmt":"2025-05-22T15:17:00","slug":"faqs","status":"publish","type":"page","link":"https:\/\/coriumderm.ca\/fr\/faqs\/","title":{"rendered":"FAQ"},"content":{"rendered":"<div data-elementor-type=\"wp-page\" data-elementor-id=\"4403\" class=\"elementor elementor-4403\" data-elementor-post-type=\"page\">\n\t\t\t\t<div data-particle_enable=\"false\" data-particle-mobile-disabled=\"false\" class=\"elementor-element elementor-element-c6c36cf e-flex e-con-boxed e-con e-parent\" data-id=\"c6c36cf\" data-element_type=\"container\" data-e-type=\"container\" data-settings=\"{&quot;ekit_has_onepagescroll_dot&quot;:&quot;yes&quot;}\">\r\n\t\t\t\t\t<div class=\"e-con-inner\">\r\n\t\t\t\t<div class=\"elementor-element elementor-element-ae80010 elementor-widget elementor-widget-porto_faqs\" data-id=\"ae80010\" data-element_type=\"widget\" data-e-type=\"widget\" data-settings=\"{&quot;ekit_we_effect_on&quot;:&quot;none&quot;}\" data-widget_type=\"porto_faqs.default\">\n\t\t\t\t<div class=\"elementor-widget-container\">\n\t\t\t\t\t<div class=\"porto-faqs porto-faqs8dn8 wpb_content_element\">\r\n\t<div class=\"page-faqs clearfix\" id=\"porto_faqs_78m6\">\r\n\r\n\t\t\r\n\t\t\r\n\t\t<div class=\"faq-row faqs-container\">\r\n\t\t\t\r\n<div class=\"faq corium-faqs post-4924 type-faq status-publish hentry faq_cat-corium-faqs\">\r\n\t<section class=\"toggle\">\r\n\t\t<label>Que puis-je faire pour que mon rendez-vous se d\u00e9roule le mieux possible ?<\/label>\r\n\t\t<div class=\"toggle-content\">\r\n\t\t<h3 class=\"entry-title\" style=\"display: none;\">Que puis-je faire pour que mon rendez-vous se d\u00e9roule le mieux possible ?<\/h3><span class=\"vcard\" style=\"display: none;\"><span class=\"fn\"><a href=\"https:\/\/coriumderm.ca\/fr\/author\/dan1\/\" title=\"Posts by dan1\" rel=\"author\">dan1<\/a><\/span><\/span><span class=\"updated\" style=\"display:none\">2025-05-22T15:13:30+00:00<\/span>\n<p>Veuillez apporter une liste de vos m\u00e9dicaments et de vos allergies, ainsi que les principaux d\u00e9tails concernant votre \u00e9ruption cutan\u00e9e ou vos grains de beaut\u00e9 (par exemple, l'apparition, les changements, les traitements ant\u00e9rieurs). D'autres pr\u00e9occupations peuvent \u00eatre abord\u00e9es lors d'un autre rendez-vous. Votre rendez-vous est programm\u00e9 pour \u00e9valuer le probl\u00e8me pour lequel vous avez \u00e9t\u00e9 r\u00e9f\u00e9r\u00e9. Afin de garantir \u00e0 tous les patients des soins en temps voulu, il se peut que d'autres probl\u00e8mes n\u00e9cessitent une nouvelle consultation et un nouveau rendez-vous.<\/p>\n\t\t<\/div>\r\n\t<\/section>\r\n<\/div>\r\n\r\n<div class=\"faq corium-faqs post-4915 type-faq status-publish hentry faq_cat-corium-faqs\">\r\n\t<section class=\"toggle\">\r\n\t\t<label>J'ai manqu\u00e9 mon rendez-vous. Que se passe-t-il ensuite ?<\/label>\r\n\t\t<div class=\"toggle-content\">\r\n\t\t<h3 class=\"entry-title\" style=\"display: none;\">J'ai manqu\u00e9 mon rendez-vous. Que se passe-t-il ensuite ?<\/h3><span class=\"vcard\" style=\"display: none;\"><span class=\"fn\"><a href=\"https:\/\/coriumderm.ca\/fr\/author\/dan1\/\" title=\"Posts by dan1\" rel=\"author\">dan1<\/a><\/span><\/span><span class=\"updated\" style=\"display:none\">2025-05-22T15:13:45+00:00<\/span>\n<p>Nous confirmons tous les rendez-vous par t\u00e9l\u00e9phone et, dans de nombreux cas, par des rappels textuels.<br>Si vous manquez un rendez-vous m\u00e9dical et que vous souhaitez le reporter, des frais de $60 seront factur\u00e9s. Pour les rendez-vous esth\u00e9tiques ou les visites de cartographie des grains de beaut\u00e9 manqu\u00e9s, des frais de 100$ sont factur\u00e9s. Veuillez nous pr\u00e9venir 24 heures \u00e0 l'avance si vous souhaitez reporter votre rendez-vous. Bien que nous comprenions que des urgences peuvent survenir, nous nous effor\u00e7ons de minimiser les annulations de derni\u00e8re minute afin de respecter le temps de chacun, compte tenu de la forte demande de services de dermatologie dans notre province.<\/p>\n\t\t<\/div>\r\n\t<\/section>\r\n<\/div>\r\n\r\n<div class=\"faq corium-faqs post-4925 type-faq status-publish hentry faq_cat-corium-faqs\">\r\n\t<section class=\"toggle\">\r\n\t\t<label>Comment prendre un rendez-vous ?<\/label>\r\n\t\t<div class=\"toggle-content\">\r\n\t\t<h3 class=\"entry-title\" style=\"display: none;\">Comment prendre un rendez-vous ?<\/h3><span class=\"vcard\" style=\"display: none;\"><span class=\"fn\"><a href=\"https:\/\/coriumderm.ca\/fr\/author\/dan1\/\" title=\"Posts by dan1\" rel=\"author\">dan1<\/a><\/span><\/span><span class=\"updated\" style=\"display:none\">2025-05-22T15:13:42+00:00<\/span>\n<p>Pour les probl\u00e8mes m\u00e9dicaux, une recommandation de votre m\u00e9decin de famille est n\u00e9cessaire. Votre demande sera tri\u00e9e en fonction de l'urgence et de la gravit\u00e9 du probl\u00e8me, et les temps d'attente varieront. Notre cabinet vous contactera lorsque votre tour sera venu. Pour les services cosm\u00e9tiques ou la cartographie 3D des grains de beaut\u00e9, vous pouvez prendre rendez-vous directement en appelant notre cabinet ou en utilisant le lien de r\u00e9servation en ligne sur notre site web.<\/p>\n\t\t<\/div>\r\n\t<\/section>\r\n<\/div>\r\n\r\n<div class=\"faq corium-faqs post-3130 type-faq status-publish hentry faq_cat-corium-faqs\">\r\n\t<section class=\"toggle\">\r\n\t\t<label>Comment puis-je obtenir un rendez-vous avec un dermatologue pour des probl\u00e8mes m\u00e9dicaux ?<\/label>\r\n\t\t<div class=\"toggle-content\">\r\n\t\t<h3 class=\"entry-title\" style=\"display: none;\">Comment puis-je obtenir un rendez-vous avec un dermatologue pour des probl\u00e8mes m\u00e9dicaux ?<\/h3><span class=\"vcard\" style=\"display: none;\"><span class=\"fn\"><a href=\"https:\/\/coriumderm.ca\/fr\/author\/dan1\/\" title=\"Posts by dan1\" rel=\"author\">dan1<\/a><\/span><\/span><span class=\"updated\" style=\"display:none\">2025-05-22T15:13:53+00:00<\/span>\n<p>Une recommandation de votre m\u00e9decin de famille ou d'un autre m\u00e9decin est n\u00e9cessaire pour consulter un dermatologue pour des probl\u00e8mes m\u00e9dicaux de peau. Il s'agit d'une exigence standard dans tout le Canada. Les lettres de recommandation fournissent des informations essentielles, notamment la raison de la visite, les ant\u00e9c\u00e9dents m\u00e9dicaux, les m\u00e9dicaments et d'autres d\u00e9tails pertinents. Pour les probl\u00e8mes de peau mineurs, les m\u00e9decins de famille sont souvent en mesure de diagnostiquer et de traiter efficacement, ce qui vous \u00e9vite d'attendre un sp\u00e9cialiste.<\/p>\n\n\n\n<p><\/p>\n\t\t<\/div>\r\n\t<\/section>\r\n<\/div>\r\n\r\n<div class=\"faq corium-faqs post-3131 type-faq status-publish hentry faq_cat-corium-faqs\">\r\n\t<section class=\"toggle\">\r\n\t\t<label>Puis-je revenir aussi souvent que je le souhaite ?<\/label>\r\n\t\t<div class=\"toggle-content\">\r\n\t\t<h3 class=\"entry-title\" style=\"display: none;\">Puis-je revenir aussi souvent que je le souhaite ?<\/h3><span class=\"vcard\" style=\"display: none;\"><span class=\"fn\"><a href=\"https:\/\/coriumderm.ca\/fr\/author\/dan1\/\" title=\"Posts by dan1\" rel=\"author\">dan1<\/a><\/span><\/span><span class=\"updated\" style=\"display:none\">2025-05-22T15:14:09+00:00<\/span>\n<p>Apr\u00e8s votre visite, votre dermatologue enverra une lettre au m\u00e9decin traitant avec le diagnostic et les recommandations de traitement. Dans la plupart des cas, le traitement peut se poursuivre sans suivi, mais pour les questions complexes ou les m\u00e9dicaments sp\u00e9cifiques (par exemple, les immunosuppresseurs), un rendez-vous de suivi peut \u00eatre n\u00e9cessaire.<\/p>\n\t\t<\/div>\r\n\t<\/section>\r\n<\/div>\r\n\r\n<div class=\"faq corium-faqs post-3132 type-faq status-publish hentry faq_cat-corium-faqs\">\r\n\t<section class=\"toggle\">\r\n\t\t<label>J'ai \u00e9t\u00e9 orient\u00e9 vers un dermatologue pour un cancer de la peau, mais j'aimerais \u00e9galement lui parler de mes autres pr\u00e9occupations cutan\u00e9es. Puis-je le faire aujourd'hui ?<\/label>\r\n\t\t<div class=\"toggle-content\">\r\n\t\t<h3 class=\"entry-title\" style=\"display: none;\">J'ai \u00e9t\u00e9 orient\u00e9 vers un dermatologue pour un cancer de la peau, mais j'aimerais \u00e9galement lui parler de mes autres pr\u00e9occupations cutan\u00e9es. Puis-je le faire aujourd'hui ?<\/h3><span class=\"vcard\" style=\"display: none;\"><span class=\"fn\"><a href=\"https:\/\/coriumderm.ca\/fr\/author\/dan1\/\" title=\"Posts by dan1\" rel=\"author\">dan1<\/a><\/span><\/span><span class=\"updated\" style=\"display:none\">2025-05-22T15:14:20+00:00<\/span>\n<p>Nous comptons sur les m\u00e9decins de famille pour \u00e9valuer les probl\u00e8mes de peau et d\u00e9terminer si une intervention dermatologique est n\u00e9cessaire, ce qui permet de g\u00e9rer les longs d\u00e9lais d'attente. Votre temps de rendez-vous est bas\u00e9 sur les d\u00e9tails de la r\u00e9f\u00e9rence, de sorte que les pr\u00e9occupations suppl\u00e9mentaires qui n'ont pas \u00e9t\u00e9 discut\u00e9es avec votre m\u00e9decin de famille peuvent ne pas \u00eatre abord\u00e9es.<\/p>\n\t\t<\/div>\r\n\t<\/section>\r\n<\/div>\r\n\r\n<div class=\"faq corium-faqs post-3133 type-faq status-publish hentry faq_cat-corium-faqs\">\r\n\t<section class=\"toggle\">\r\n\t\t<label>Je n'aime pas ce grain de beaut\u00e9 ; pouvez-vous l'enlever ?<\/label>\r\n\t\t<div class=\"toggle-content\">\r\n\t\t<h3 class=\"entry-title\" style=\"display: none;\">Je n'aime pas ce grain de beaut\u00e9 ; pouvez-vous l'enlever ?<\/h3><span class=\"vcard\" style=\"display: none;\"><span class=\"fn\"><a href=\"https:\/\/coriumderm.ca\/fr\/author\/dan1\/\" title=\"Posts by dan1\" rel=\"author\">dan1<\/a><\/span><\/span><span class=\"updated\" style=\"display:none\">2025-05-22T15:14:24+00:00<\/span>\n<p>Nous ne proc\u00e9dons \u00e0 l'ablation chirurgicale que des l\u00e9sions ou des grains de beaut\u00e9 pr\u00e9sentant un risque de cancer de la peau. L'ablation de grains de beaut\u00e9 b\u00e9nins (naevus) n'est pas prise en charge par le minist\u00e8re de la sant\u00e9 et doit faire l'objet d'un rendez-vous esth\u00e9tique.<\/p>\n\n\n\n<p><\/p>\n\t\t<\/div>\r\n\t<\/section>\r\n<\/div>\r\n\r\n<div class=\"faq corium-faqs post-3134 type-faq status-publish hentry faq_cat-corium-faqs\">\r\n\t<section class=\"toggle\">\r\n\t\t<label>Pourquoi mon m\u00e9decin est-il en retard ?\u00a0<\/label>\r\n\t\t<div class=\"toggle-content\">\r\n\t\t<h3 class=\"entry-title\" style=\"display: none;\">Pourquoi mon m\u00e9decin est-il en retard ?\u00a0<\/h3><span class=\"vcard\" style=\"display: none;\"><span class=\"fn\"><a href=\"https:\/\/coriumderm.ca\/fr\/author\/dan1\/\" title=\"Posts by dan1\" rel=\"author\">dan1<\/a><\/span><\/span><span class=\"updated\" style=\"display:none\">2025-05-22T15:14:29+00:00<\/span>\n<p>Bien que nous nous efforcions de respecter les horaires, nous consacrons tout le temps n\u00e9cessaire \u00e0 l'examen de l'\u00e9tat de sant\u00e9 et des traitements de chaque patient, et nous nous occupons parfois d'op\u00e9rations chirurgicales d'urgence li\u00e9es au cancer de la peau, ce qui peut entra\u00eener des retards. Votre rendez-vous est pr\u00e9vu pour une dur\u00e9e de 10 \u00e0 15 minutes. Si vous avez plus de quelques minutes de retard, il se peut que vous deviez reporter votre rendez-vous afin que nous ayons le temps de traiter votre probl\u00e8me et que nous puissions rester \u00e0 l'heure pour les autres patients. Veuillez arriver 5 \u00e0 10 minutes \u00e0 l'avance pour compl\u00e9ter l'enregistrement.<\/p>\n\t\t<\/div>\r\n\t<\/section>\r\n<\/div>\r\n\t\t<\/div>\r\n\r\n\t\t\r\n\t<\/div>\r\n\r\n\t\r\n\t<\/div>\t\t\t\t<\/div>\n\t\t\t\t<\/div>\n\t\t\t\t\t<\/div>\n\t\t\t\t<\/div>\n\t\t\t\t<\/div>","protected":false},"excerpt":{"rendered":"<p>What can I do to make my appointment run as smoothly as possible? What can I do to make my appointment run as smoothly as possible? dan12025-05-22T15:13:30+00:00 Please bring a list of your medications and allergies, along with key details about your rash or moles (e.g., onset, changes, previous treatments). Additional concerns may need to [&hellip;]<\/p>\n","protected":false},"author":1,"featured_media":0,"parent":0,"menu_order":0,"comment_status":"closed","ping_status":"closed","template":"","meta":{"footnotes":""},"class_list":["post-4403","page","type-page","status-publish","hentry"],"yoast_head":"<!-- This site is optimized with the Yoast SEO Premium plugin v27.2 (Yoast SEO v27.2) - https:\/\/yoast.com\/product\/yoast-seo-premium-wordpress\/ -->\n<title>FAQ&#039;s - Corium Dermatology - 3D Mole Mapping, Medical and Cosmetic Dermatology<\/title>\n<meta name=\"robots\" content=\"index, follow, max-snippet:-1, max-image-preview:large, max-video-preview:-1\" \/>\n<link rel=\"canonical\" href=\"https:\/\/coriumderm.ca\/fr\/faqs\/\" \/>\n<meta property=\"og:locale\" content=\"fr_CA\" \/>\n<meta property=\"og:type\" content=\"article\" \/>\n<meta property=\"og:title\" content=\"FAQ&#039;s\" \/>\n<meta property=\"og:description\" content=\"What can I do to make my appointment run as smoothly as possible? What can I do to make my appointment run as smoothly as possible? dan12025-05-22T15:13:30+00:00 Please bring a list of your medications and allergies, along with key details about your rash or moles (e.g., onset, changes, previous treatments). Additional concerns may need to [&hellip;]\" \/>\n<meta property=\"og:url\" content=\"https:\/\/coriumderm.ca\/fr\/faqs\/\" \/>\n<meta property=\"og:site_name\" content=\"Corium Dermatology - 3D Mole Mapping, Medical and Cosmetic Dermatology\" \/>\n<meta property=\"article:publisher\" content=\"https:\/\/www.facebook.com\/people\/Corium-Medical-Dermatology\/61553622164804\/\" \/>\n<meta property=\"article:modified_time\" content=\"2025-05-22T15:17:00+00:00\" \/>\n<meta property=\"og:image\" content=\"https:\/\/coriumderm.ca\/wp-content\/uploads\/2025\/05\/r5uer-scaled.png\" \/>\n\t<meta property=\"og:image:width\" content=\"2560\" \/>\n\t<meta property=\"og:image:height\" content=\"947\" \/>\n\t<meta property=\"og:image:type\" content=\"image\/png\" \/>\n<meta name=\"twitter:card\" content=\"summary_large_image\" \/>\n<meta name=\"twitter:label1\" content=\"Est. reading time\" \/>\n\t<meta name=\"twitter:data1\" content=\"3 minutes\" \/>\n<script type=\"application\/ld+json\" class=\"yoast-schema-graph\">{\"@context\":\"https:\/\/schema.org\",\"@graph\":[{\"@type\":\"WebPage\",\"@id\":\"https:\/\/coriumderm.ca\/fr\/faqs\/\",\"url\":\"https:\/\/coriumderm.ca\/fr\/faqs\/\",\"name\":\"FAQ's - Corium Dermatology - 3D Mole Mapping, Medical and Cosmetic Dermatology\",\"isPartOf\":{\"@id\":\"https:\/\/coriumderm.ca\/en\/#website\"},\"datePublished\":\"2022-05-04T14:11:58+00:00\",\"dateModified\":\"2025-05-22T15:17:00+00:00\",\"breadcrumb\":{\"@id\":\"https:\/\/coriumderm.ca\/fr\/faqs\/#breadcrumb\"},\"inLanguage\":\"fr-CA\",\"potentialAction\":[{\"@type\":\"ReadAction\",\"target\":[\"https:\/\/coriumderm.ca\/fr\/faqs\/\"]}]},{\"@type\":\"BreadcrumbList\",\"@id\":\"https:\/\/coriumderm.ca\/fr\/faqs\/#breadcrumb\",\"itemListElement\":[{\"@type\":\"ListItem\",\"position\":1,\"name\":\"Home\",\"item\":\"https:\/\/coriumderm.ca\/\"},{\"@type\":\"ListItem\",\"position\":2,\"name\":\"FAQ&#8217;s\"}]},{\"@type\":\"WebSite\",\"@id\":\"https:\/\/coriumderm.ca\/en\/#website\",\"url\":\"https:\/\/coriumderm.ca\/en\/\",\"name\":\"Corium Dermatology - 3D Mole Mapping, Medical and Cosmetic Dermatology\",\"description\":\"For a beautiful you! | Toi, en toute beaut\u00e9!\",\"publisher\":{\"@id\":\"https:\/\/coriumderm.ca\/en\/#organization\"},\"alternateName\":\"For a beautiful you! | Toi, en toute beaut\u00e9!\",\"potentialAction\":[{\"@type\":\"SearchAction\",\"target\":{\"@type\":\"EntryPoint\",\"urlTemplate\":\"https:\/\/coriumderm.ca\/en\/?s={search_term_string}\"},\"query-input\":{\"@type\":\"PropertyValueSpecification\",\"valueRequired\":true,\"valueName\":\"search_term_string\"}}],\"inLanguage\":\"fr-CA\"},{\"@type\":[\"Organization\",\"Place\"],\"@id\":\"https:\/\/coriumderm.ca\/en\/#organization\",\"name\":\"Corium Dermatology - 3D Mole Mapping, Medical and Cosmetic Dermatology\",\"alternateName\":\"Corium Dermatology - 3D Mole Mapping, Medical and Cosmetic Dermatology\",\"url\":\"https:\/\/coriumderm.ca\/en\/\",\"logo\":{\"@id\":\"https:\/\/coriumderm.ca\/fr\/faqs\/#local-main-organization-logo\"},\"image\":{\"@id\":\"https:\/\/coriumderm.ca\/fr\/faqs\/#local-main-organization-logo\"},\"sameAs\":[\"https:\/\/www.facebook.com\/people\/Corium-Medical-Dermatology\/61553622164804\/\",\"https:\/\/www.instagram.com\/corium_medical_dermatology\/\"],\"description\":\"For a beautiful you! | Toi, en toute beaut\u00e9!\",\"legalName\":\"Corium Dermatology - 3D Mole Mapping, Medical and Cosmetic Dermatology\",\"telephone\":[],\"openingHoursSpecification\":[{\"@type\":\"OpeningHoursSpecification\",\"dayOfWeek\":[\"Monday\",\"Tuesday\",\"Wednesday\",\"Thursday\",\"Friday\",\"Saturday\",\"Sunday\"],\"opens\":\"09:00\",\"closes\":\"17:00\"}]},{\"@type\":\"ImageObject\",\"inLanguage\":\"fr-CA\",\"@id\":\"https:\/\/coriumderm.ca\/fr\/faqs\/#local-main-organization-logo\",\"url\":\"https:\/\/coriumderm.ca\/wp-content\/uploads\/2025\/05\/corium-logo-full-color-rgb-900px-w-72ppi-4.jpg\",\"contentUrl\":\"https:\/\/coriumderm.ca\/wp-content\/uploads\/2025\/05\/corium-logo-full-color-rgb-900px-w-72ppi-4.jpg\",\"width\":900,\"height\":896,\"caption\":\"Corium Dermatology - 3D Mole Mapping, Medical and Cosmetic Dermatology\"}]}<\/script>\n<!-- \/ Yoast SEO Premium plugin. -->","yoast_head_json":{"title":"FAQ's - Corium Dermatology - 3D Mole Mapping, Medical and Cosmetic Dermatology","robots":{"index":"index","follow":"follow","max-snippet":"max-snippet:-1","max-image-preview":"max-image-preview:large","max-video-preview":"max-video-preview:-1"},"canonical":"https:\/\/coriumderm.ca\/fr\/faqs\/","og_locale":"fr_CA","og_type":"article","og_title":"FAQ's","og_description":"What can I do to make my appointment run as smoothly as possible? What can I do to make my appointment run as smoothly as possible? dan12025-05-22T15:13:30+00:00 Please bring a list of your medications and allergies, along with key details about your rash or moles (e.g., onset, changes, previous treatments). Additional concerns may need to [&hellip;]","og_url":"https:\/\/coriumderm.ca\/fr\/faqs\/","og_site_name":"Corium Dermatology - 3D Mole Mapping, Medical and Cosmetic Dermatology","article_publisher":"https:\/\/www.facebook.com\/people\/Corium-Medical-Dermatology\/61553622164804\/","article_modified_time":"2025-05-22T15:17:00+00:00","og_image":[{"width":2560,"height":947,"url":"https:\/\/coriumderm.ca\/wp-content\/uploads\/2025\/05\/r5uer-scaled.png","type":"image\/png"}],"twitter_card":"summary_large_image","twitter_misc":{"Est. reading time":"3 minutes"},"schema":{"@context":"https:\/\/schema.org","@graph":[{"@type":"WebPage","@id":"https:\/\/coriumderm.ca\/fr\/faqs\/","url":"https:\/\/coriumderm.ca\/fr\/faqs\/","name":"FAQ's - Corium Dermatology - 3D Mole Mapping, Medical and Cosmetic Dermatology","isPartOf":{"@id":"https:\/\/coriumderm.ca\/en\/#website"},"datePublished":"2022-05-04T14:11:58+00:00","dateModified":"2025-05-22T15:17:00+00:00","breadcrumb":{"@id":"https:\/\/coriumderm.ca\/fr\/faqs\/#breadcrumb"},"inLanguage":"fr-CA","potentialAction":[{"@type":"ReadAction","target":["https:\/\/coriumderm.ca\/fr\/faqs\/"]}]},{"@type":"BreadcrumbList","@id":"https:\/\/coriumderm.ca\/fr\/faqs\/#breadcrumb","itemListElement":[{"@type":"ListItem","position":1,"name":"Home","item":"https:\/\/coriumderm.ca\/"},{"@type":"ListItem","position":2,"name":"FAQ&#8217;s"}]},{"@type":"WebSite","@id":"https:\/\/coriumderm.ca\/en\/#website","url":"https:\/\/coriumderm.ca\/en\/","name":"Corium Dermatology - Cartographie 3D des grains de beaut\u00e9, dermatologie m\u00e9dicale et esth\u00e9tique","description":"Pour un toi, en toute beaut\u00e9 ! | Toi, en toute beaut\u00e9 !","publisher":{"@id":"https:\/\/coriumderm.ca\/en\/#organization"},"alternateName":"For a beautiful you! | Toi, en toute beaut\u00e9!","potentialAction":[{"@type":"SearchAction","target":{"@type":"EntryPoint","urlTemplate":"https:\/\/coriumderm.ca\/en\/?s={search_term_string}"},"query-input":{"@type":"PropertyValueSpecification","valueRequired":true,"valueName":"search_term_string"}}],"inLanguage":"fr-CA"},{"@type":["Organization","Place"],"@id":"https:\/\/coriumderm.ca\/en\/#organization","name":"Corium Dermatology - Cartographie 3D des grains de beaut\u00e9, dermatologie m\u00e9dicale et esth\u00e9tique","alternateName":"Corium Dermatology - 3D Mole Mapping, Medical and Cosmetic Dermatology","url":"https:\/\/coriumderm.ca\/en\/","logo":{"@id":"https:\/\/coriumderm.ca\/fr\/faqs\/#local-main-organization-logo"},"image":{"@id":"https:\/\/coriumderm.ca\/fr\/faqs\/#local-main-organization-logo"},"sameAs":["https:\/\/www.facebook.com\/people\/Corium-Medical-Dermatology\/61553622164804\/","https:\/\/www.instagram.com\/corium_medical_dermatology\/"],"description":"Pour un toi, en toute beaut\u00e9 ! | Toi, en toute beaut\u00e9 !","legalName":"Corium Dermatology - 3D Mole Mapping, Medical and Cosmetic Dermatology","telephone":[],"openingHoursSpecification":[{"@type":"OpeningHoursSpecification","dayOfWeek":["Monday","Tuesday","Wednesday","Thursday","Friday","Saturday","Sunday"],"opens":"09:00","closes":"17:00"}]},{"@type":"ImageObject","inLanguage":"fr-CA","@id":"https:\/\/coriumderm.ca\/fr\/faqs\/#local-main-organization-logo","url":"https:\/\/coriumderm.ca\/wp-content\/uploads\/2025\/05\/corium-logo-full-color-rgb-900px-w-72ppi-4.jpg","contentUrl":"https:\/\/coriumderm.ca\/wp-content\/uploads\/2025\/05\/corium-logo-full-color-rgb-900px-w-72ppi-4.jpg","width":900,"height":896,"caption":"Corium Dermatology - 3D Mole Mapping, Medical and Cosmetic Dermatology"}]}},"_links":{"self":[{"href":"https:\/\/coriumderm.ca\/fr\/wp-json\/wp\/v2\/pages\/4403","targetHints":{"allow":["GET"]}}],"collection":[{"href":"https:\/\/coriumderm.ca\/fr\/wp-json\/wp\/v2\/pages"}],"about":[{"href":"https:\/\/coriumderm.ca\/fr\/wp-json\/wp\/v2\/types\/page"}],"author":[{"embeddable":true,"href":"https:\/\/coriumderm.ca\/fr\/wp-json\/wp\/v2\/users\/1"}],"replies":[{"embeddable":true,"href":"https:\/\/coriumderm.ca\/fr\/wp-json\/wp\/v2\/comments?post=4403"}],"version-history":[{"count":13,"href":"https:\/\/coriumderm.ca\/fr\/wp-json\/wp\/v2\/pages\/4403\/revisions"}],"predecessor-version":[{"id":5069,"href":"https:\/\/coriumderm.ca\/fr\/wp-json\/wp\/v2\/pages\/4403\/revisions\/5069"}],"wp:attachment":[{"href":"https:\/\/coriumderm.ca\/fr\/wp-json\/wp\/v2\/media?parent=4403"}],"curies":[{"name":"wp","href":"https:\/\/api.w.org\/{rel}","templated":true}]}}